{"id":89,"date":"2014-10-03T12:22:50","date_gmt":"2014-10-03T10:22:50","guid":{"rendered":"https:\/\/www.inst.uni-giessen.de\/idm\/primarwebquest\/?page_id=89"},"modified":"2014-10-03T12:22:50","modified_gmt":"2014-10-03T10:22:50","slug":"geometrie","status":"publish","type":"page","link":"https:\/\/podcast.math.uni-giessen.de\/primarwebquest\/geometrie\/","title":{"rendered":"Geometrie"},"content":{"rendered":"<p>Sollten sich in den aufgelisteten WebQuests Fehler eingeschlichen haben oder Links nicht mehr funktionieren, so w\u00e4ren wir \u00fcber eine kurze Info<a href=\"mailto:Lena.weiss@lehramt.uni-giessen.de\" target=\"_blank\" rel=\"noopener noreferrer\"> per Mail<\/a> dankbar.<\/p>\n\n\n<figure class=\"wp-block-table\"><table><tbody><tr><td><a rel=\"noreferrer noopener\" href=\"http:\/\/www.uni-giessen.de\/primarwebquest\/wq\/prwq_drehsym\/einleitung.html\" target=\"_blank\"><strong>Die Geheimnisse der Drehsymmetrie<\/strong><\/a><br>Sch\u00fclerinnen und Sch\u00fcler eigenen sich Informationen zur Drehsymmetrie an und erstellen dabei ein eigenes Drehbild.&nbsp;<\/td><\/tr><tr><td><a rel=\"noreferrer noopener\" href=\"http:\/\/www.zum.de\/GrundschulWebQuest\/index.php?module=webquest&amp;id=286\" target=\"_blank\"><strong>Mathematik in vielen Sprachen<\/strong><\/a><br>Hier benennen die Sch\u00fclerinnen und Sch\u00fcler in vielen Sprachen, indem sie mathematischen Figuren die passenden Begriffe aus unterschiedlichen Sprachen zuordnen.<\/td><\/tr><tr><td><strong><a rel=\"noreferrer noopener\" href=\"http:\/\/symmetriewebquest.weebly.com\" target=\"_blank\">Spiegelsymmetrie<\/a><br><\/strong>In der Welt des Sch\u00f6nen \u2013 der Welt der Symmetrie \u2013 lernen die Sch\u00fclerinnen und Sch\u00fcler kennen, was es mit der Spiegelsymmetrie auf sich hat, welche Tricks es gibt, die beim Zeichnen und Basteln helfen k\u00f6nnen. Au\u00dferdem wird eine streng geheime Geheimschrift vorgestellt, die gel\u00f6st werden soll.<\/td><\/tr><tr><td><a rel=\"noreferrer noopener\" href=\"http:\/\/www.inst.uni-giessen.de\/idm\/primarwebquest\/wq\/pr_wq_tangram\/wq_einleitung.htm\" target=\"_blank\"><strong>Tangram<\/strong><\/a><br>Mithilfe dieses WebQuests lernen die Sch\u00fclerinnen und Sch\u00fcler das Spiel \u201aTangram\u2018 kennen und erstellen eine eigene Tangram-Kartei, mit der die ganze Klasse arbeiten soll.<\/td><\/tr><tr><td><strong><a rel=\"noreferrer noopener\" href=\"https:\/\/www.uni-giessen.de\/primarwebquest\/wq\/wq_bruecken\/einleitung.htm\" target=\"_blank\">Warum halten Br\u00fccken?<\/a><br><\/strong>Sch\u00fclerinnen und Sch\u00fcler bauen eine eigene Br\u00fccke aus Papier, erfahren mehr&nbsp;\u00fcber die Statik von Br\u00fccken und informieren sich anschlie\u00dfend&nbsp;\u00fcber echte Br\u00fccken und warum diese halten.<\/td><\/tr><tr><td><strong><a rel=\"noreferrer noopener\" href=\"https:\/\/klassenraum-bauprojekt.jimdofree.com\" target=\"_blank\">Wie viel Mathematik steckt in unserem Klassenraum?<\/a><\/strong><br>Das Klassenzimmer ausmessen, Geometrische Formen, K\u00f6rper und Winkel im Klassenzimmer finden, das Thema der Achsensymmetrie auffrischen sowie den Grundriss eines Wunschklassenraums erstellen werden in diesem PrimarWebQuests eingebunden.<\/td><\/tr><tr><td><strong><a rel=\"noreferrer noopener\" href=\"http:\/\/wuerfelnetze.weebly.com\/\" target=\"_blank\">W\u00fcrfelnetze<\/a><br><\/strong>Was versteht man denn eigentlich unter einem W\u00fcrfelnetz?<br>Wie muss eine \u201eBastelvorlage\u201c aussehen, wenn ich einen W\u00fcrfel basteln m\u00f6chte?<br>Gibt es nur eine \u201eBastelvorlage\u201c, oder kann es auch verschiedene geben?<br>Dies und Weiteres sollen Sch\u00fclerinnen und Sch\u00fcler mithilfe des WebQuests herausfinden.<\/td><\/tr><\/tbody><\/table><\/figure>\n","protected":false},"excerpt":{"rendered":"<p>Sollten sich in den aufgelisteten WebQuests Fehler eingeschlichen haben oder Links nicht mehr funktionieren, so w\u00e4ren wir \u00fcber eine kurze Info per Mail dankbar. Die Geheimnisse der DrehsymmetrieSch\u00fclerinnen und Sch\u00fcler eigenen sich Informationen zur Drehsymmetrie an und erstellen dabei ein eigenes Drehbild.&nbsp; Mathematik in vielen SprachenHier benennen die Sch\u00fclerinnen und Sch\u00fcler in vielen Sprachen, indem [&hellip;]<\/p>\n","protected":false},"author":1,"featured_media":0,"parent":0,"menu_order":0,"comment_status":"closed","ping_status":"closed","template":"","meta":{"footnotes":""},"class_list":["post-89","page","type-page","status-publish","hentry"],"_links":{"self":[{"href":"https:\/\/podcast.math.uni-giessen.de\/primarwebquest\/wp-json\/wp\/v2\/pages\/89","targetHints":{"allow":["GET"]}}],"collection":[{"href":"https:\/\/podcast.math.uni-giessen.de\/primarwebquest\/wp-json\/wp\/v2\/pages"}],"about":[{"href":"https:\/\/podcast.math.uni-giessen.de\/primarwebquest\/wp-json\/wp\/v2\/types\/page"}],"author":[{"embeddable":true,"href":"https:\/\/podcast.math.uni-giessen.de\/primarwebquest\/wp-json\/wp\/v2\/users\/1"}],"replies":[{"embeddable":true,"href":"https:\/\/podcast.math.uni-giessen.de\/primarwebquest\/wp-json\/wp\/v2\/comments?post=89"}],"version-history":[{"count":0,"href":"https:\/\/podcast.math.uni-giessen.de\/primarwebquest\/wp-json\/wp\/v2\/pages\/89\/revisions"}],"wp:attachment":[{"href":"https:\/\/podcast.math.uni-giessen.de\/primarwebquest\/wp-json\/wp\/v2\/media?parent=89"}],"curies":[{"name":"wp","href":"https:\/\/api.w.org\/{rel}","templated":true}]}}