{"id":87,"date":"2014-10-03T12:22:39","date_gmt":"2014-10-03T10:22:39","guid":{"rendered":"https:\/\/www.inst.uni-giessen.de\/idm\/primarwebquest\/?page_id=87"},"modified":"2014-10-03T12:22:39","modified_gmt":"2014-10-03T10:22:39","slug":"arithmetik","status":"publish","type":"page","link":"https:\/\/podcast.math.uni-giessen.de\/primarwebquest\/arithmetik\/","title":{"rendered":"Arithmetik"},"content":{"rendered":"\n<p>Sollten sich in den aufgelisteten WebQuests Fehler eingeschlichen haben oder Links nicht mehr funktionieren, so w\u00e4ren wir \u00fcber eine kurze Info<a href=\"mailto:lena.weiss@lehramt.uni-giessen.de\" target=\"_blank\" rel=\"noreferrer noopener\"> per Mail<\/a> dankbar.<\/p>\n\n\n\n<figure class=\"wp-block-table\"><table><tbody><tr><td><strong><a rel=\"noreferrer noopener\" href=\"https:\/\/www.uni-giessen.de\/primarwebquest\/wq\/prwq_mathematiker\/uebersicht.html\" target=\"_blank\">Expedition in die Geschichte der Mathematik<\/a> <\/strong><br>Mit diesen WebQuests k\u00f6nnen sich Sch\u00fclerinnen und Sch\u00fcler auf Expeditionen in die Geschichte der Mathematik begeben, dabei ber\u00fchmte Mathematiker treffen und auf dieser Reise selbst das Ein oder Andere ausprobieren.\u00a0<span style=\"font-size: inherit;font-family: inherit\">\u00a0<\/span> <ul><li><a rel=\"noreferrer noopener\" href=\"https:\/\/www.uni-giessen.de\/primarwebquest\/wq\/prwq_mathematiker\/einleitung_era.html\" target=\"_blank\">Erastosthenes<\/a><\/li> <li><a rel=\"noreferrer noopener\" href=\"https:\/\/www.uni-giessen.de\/primarwebquest\/wq\/prwq_mathematiker\/einleitung_gauss.html\" target=\"_blank\">Carl Friedrich Gau\u00df<\/a><\/li> <li><a rel=\"noreferrer noopener\" href=\"https:\/\/www.uni-giessen.de\/primarwebquest\/wq\/prwq_mathematiker\/einleitung_moebius.html\" target=\"_blank\">August Ferdinand M\u00f6bius<\/a><\/li> <li><a rel=\"noreferrer noopener\" href=\"https:\/\/www.uni-giessen.de\/primarwebquest\/wq\/prwq_mathematiker\/einleitung_pascal.html\" target=\"_blank\">Blaise Pascal<\/a><\/li> <li><a rel=\"noopener noreferrer\" href=\"https:\/\/www.inst.uni-giessen.de\/idm\/primarwebquest\/wq\/prwq_mathematiker\/einleitung_fibo.html\" target=\"_blank\">Fibona<\/a><a rel=\"noreferrer noopener\" href=\"https:\/\/www.uni-giessen.de\/primarwebquest\/wq\/prwq_mathematiker\/einleitung_fibo.html\" target=\"_blank\">c<\/a><a rel=\"noopener noreferrer\" href=\"https:\/\/www.inst.uni-giessen.de\/idm\/primarwebquest\/wq\/prwq_mathematiker\/einleitung_fibo.html\" target=\"_blank\">ci<\/a><\/li> <li><a rel=\"noreferrer noopener\" href=\"https:\/\/www.uni-giessen.de\/primarwebquest\/wq\/prwq_mathematiker\/einleitung_duerer.html\" target=\"_blank\">Albrecht D\u00fcrer<\/a><\/li> <\/ul> <\/td><\/tr><tr><td><a rel=\"noopener noreferrer\" href=\"http:\/\/www.inst.uni-giessen.de\/idm\/primarwebquest\/wq\/wq_titus\/titus1.htm\" target=\"_blank\"><strong>Titus und die Zahlen der R\u00f6mer<\/strong><\/a><br>In diesem WebQuest lernen die Sch\u00fclerinnen und Sch\u00fcler wie sie Titus, der gerade mit einer Zeitmaschine aus der Vergangenheit angekommen ist, das heutige Datum mit r\u00f6mischen mitteilen k\u00f6nnen.<br><\/td><\/tr><tr><td><a rel=\"noreferrer noopener\" href=\"https:\/\/www.uni-giessen.de\/primarwebquest\/wq\/zahldar_wqs.htm\" target=\"_blank\"><strong>Zahldarstellung verschiedener V\u00f6lker<\/strong><\/a> <br>In dieser Folge von PrimarWebQuests finden die Sch\u00fclerinnen und Sch\u00fcler heraus, wie andere V\u00f6lker Zahlen dargestellt haben und schreiben dabei selbst Zahlen in den unterschiedlichen Zahlsystemen, beschreiben die Zahldarstellungen und erstellen eine Pr\u00e4sentation um das behandelte Zahlsystem dem Rest der Klasse vorstellen zu k\u00f6nnen.<span style=\"font-size: inherit;font-family: inherit\">\u00a0<\/span> <ul><li><a rel=\"noreferrer noopener\" href=\"https:\/\/www.uni-giessen.de\/primarwebquest\/wq\/pr_wq_roemerII\/einleitung.htm\" target=\"_blank\">R\u00f6mer<\/a><\/li> <li><a rel=\"noreferrer noopener\" href=\"https:\/\/www.uni-giessen.de\/primarwebquest\/wq\/pr_wq_aegypter\/aegypter1.htm\" target=\"_blank\">\u00c4gypter<\/a><\/li> <li><a rel=\"noreferrer noopener\" href=\"https:\/\/www.uni-giessen.de\/primarwebquest\/wq\/pr_wq_babylonier\/babylonier1.htm\" target=\"_blank\">Babylonier<\/a><\/li> <li><a rel=\"noreferrer noopener\" href=\"https:\/\/www.uni-giessen.de\/primarwebquest\/wq\/pr_wq_maya\/maya1.htm\" target=\"_blank\">Maya<\/a><\/li> <li><a rel=\"noreferrer noopener\" href=\"https:\/\/www.uni-giessen.de\/primarwebquest\/wq\/pr_wq_chinesen\/chinesen1.htm\" target=\"_blank\">Chinesen<\/a><\/li> <li><a rel=\"noreferrer noopener\" href=\"https:\/\/www.uni-giessen.de\/primarwebquest\/wq\/pr_wq_griechen\/griechen1.htm\" target=\"_blank\">Griechen<\/a><\/li><\/ul><\/td><\/tr><\/tbody><\/table><\/figure>\n","protected":false},"excerpt":{"rendered":"<p>Sollten sich in den aufgelisteten WebQuests Fehler eingeschlichen haben oder Links nicht mehr funktionieren, so w\u00e4ren wir \u00fcber eine kurze Info per Mail dankbar. Expedition in die Geschichte der Mathematik Mit diesen WebQuests k\u00f6nnen sich Sch\u00fclerinnen und Sch\u00fcler auf Expeditionen in die Geschichte der Mathematik begeben, dabei ber\u00fchmte Mathematiker treffen und auf dieser Reise selbst [&hellip;]<\/p>\n","protected":false},"author":1,"featured_media":0,"parent":0,"menu_order":0,"comment_status":"closed","ping_status":"closed","template":"","meta":{"footnotes":""},"class_list":["post-87","page","type-page","status-publish","hentry"],"_links":{"self":[{"href":"https:\/\/podcast.math.uni-giessen.de\/primarwebquest\/wp-json\/wp\/v2\/pages\/87","targetHints":{"allow":["GET"]}}],"collection":[{"href":"https:\/\/podcast.math.uni-giessen.de\/primarwebquest\/wp-json\/wp\/v2\/pages"}],"about":[{"href":"https:\/\/podcast.math.uni-giessen.de\/primarwebquest\/wp-json\/wp\/v2\/types\/page"}],"author":[{"embeddable":true,"href":"https:\/\/podcast.math.uni-giessen.de\/primarwebquest\/wp-json\/wp\/v2\/users\/1"}],"replies":[{"embeddable":true,"href":"https:\/\/podcast.math.uni-giessen.de\/primarwebquest\/wp-json\/wp\/v2\/comments?post=87"}],"version-history":[{"count":0,"href":"https:\/\/podcast.math.uni-giessen.de\/primarwebquest\/wp-json\/wp\/v2\/pages\/87\/revisions"}],"wp:attachment":[{"href":"https:\/\/podcast.math.uni-giessen.de\/primarwebquest\/wp-json\/wp\/v2\/media?parent=87"}],"curies":[{"name":"wp","href":"https:\/\/api.w.org\/{rel}","templated":true}]}}