{"id":31,"date":"2014-09-18T18:02:59","date_gmt":"2014-09-18T16:02:59","guid":{"rendered":"https:\/\/www.inst.uni-giessen.de\/idm\/primarwebquest\/?page_id=31"},"modified":"2014-09-18T18:02:59","modified_gmt":"2014-09-18T16:02:59","slug":"impressum","status":"publish","type":"page","link":"https:\/\/podcast.math.uni-giessen.de\/primarwebquest\/impressum\/","title":{"rendered":"Impressum"},"content":{"rendered":"<p><strong>Verantwortlich f\u00fcr die hier gestalteten Seiten sind:<\/strong><\/p>\n<p><img loading=\"lazy\" decoding=\"async\" class=\"alignleft\" src=\"http:\/\/www2.uni-giessen.de\/mathepodcast\/wp-content\/uploads\/jlu-logo.png\" alt=\"jlu-logo\" width=\"156\" height=\"80\" \/><a style=\"font-size: inherit\" href=\"http:\/\/www.uni-giessen.de\/cms\/fbz\/fb07\/fachgebiete\/mathematik\/idm\/personal\/groups\/profs\/schreiberchristof\" target=\"_blank\" rel=\"noopener noreferrer\">Prof. Dr. Christof Schreiber<\/a><\/p>\n<p>Justus-Liebig-Universit\u00e4t Gie\u00dfen, Institut f\u00fcr Didaktik der Mathematik<br \/>\nKarl-Gl\u00f6ckner-Str. 21c<br \/>\n35394 Gie\u00dfen<\/p>\n<p>An der Pflege des Blogs wirken mit:<br \/>\nLukas Geil und Lena Weiss (Studentische Mitarbeit)<\/p>\n<p>F\u00fcr den Inhalt verantwortlich\u00a0gem\u00e4\u00df \u00a7 55\u00a0<span class=\"link-external\"><a class=\"external-link\" title=\"\" href=\"http:\/\/revosax.sachsen.de\/Details.do?sid=3543414875512&amp;jlink=p55&amp;jabs=106\" target=\"_blank\" rel=\"noopener noreferrer\">MDStV<\/a><\/span>: <a href=\"http:\/\/www.uni-giessen.de\/cms\/impressum\" target=\"_blank\" rel=\"noopener noreferrer\">Der Pr\u00e4sident der JLU Gie\u00dfen<\/a><\/p>\n","protected":false},"excerpt":{"rendered":"<p>Verantwortlich f\u00fcr die hier gestalteten Seiten sind: Prof. Dr. Christof Schreiber Justus-Liebig-Universit\u00e4t Gie\u00dfen, Institut f\u00fcr Didaktik der Mathematik Karl-Gl\u00f6ckner-Str. 21c 35394 Gie\u00dfen An der Pflege des Blogs wirken mit: Lukas Geil und Lena Weiss (Studentische Mitarbeit) F\u00fcr den Inhalt verantwortlich\u00a0gem\u00e4\u00df \u00a7 55\u00a0MDStV: Der Pr\u00e4sident der JLU Gie\u00dfen<\/p>\n","protected":false},"author":1,"featured_media":0,"parent":0,"menu_order":0,"comment_status":"closed","ping_status":"closed","template":"","meta":{"footnotes":""},"class_list":["post-31","page","type-page","status-publish","hentry"],"_links":{"self":[{"href":"https:\/\/podcast.math.uni-giessen.de\/primarwebquest\/wp-json\/wp\/v2\/pages\/31","targetHints":{"allow":["GET"]}}],"collection":[{"href":"https:\/\/podcast.math.uni-giessen.de\/primarwebquest\/wp-json\/wp\/v2\/pages"}],"about":[{"href":"https:\/\/podcast.math.uni-giessen.de\/primarwebquest\/wp-json\/wp\/v2\/types\/page"}],"author":[{"embeddable":true,"href":"https:\/\/podcast.math.uni-giessen.de\/primarwebquest\/wp-json\/wp\/v2\/users\/1"}],"replies":[{"embeddable":true,"href":"https:\/\/podcast.math.uni-giessen.de\/primarwebquest\/wp-json\/wp\/v2\/comments?post=31"}],"version-history":[{"count":0,"href":"https:\/\/podcast.math.uni-giessen.de\/primarwebquest\/wp-json\/wp\/v2\/pages\/31\/revisions"}],"wp:attachment":[{"href":"https:\/\/podcast.math.uni-giessen.de\/primarwebquest\/wp-json\/wp\/v2\/media?parent=31"}],"curies":[{"name":"wp","href":"https:\/\/api.w.org\/{rel}","templated":true}]}}