{"id":23,"date":"2014-09-18T17:59:33","date_gmt":"2014-09-18T15:59:33","guid":{"rendered":"https:\/\/www.inst.uni-giessen.de\/idm\/primarwebquest\/?page_id=23"},"modified":"2014-09-18T17:59:33","modified_gmt":"2014-09-18T15:59:33","slug":"links","status":"publish","type":"page","link":"https:\/\/podcast.math.uni-giessen.de\/primarwebquest\/links\/","title":{"rendered":"Links"},"content":{"rendered":"\n<figure class=\"wp-block-table\"><table><tbody><tr><td><strong>Definition zum WebQuest<br><\/strong>\u00b4Die Seite gibt eine kurze Definition des Begriffs &#8222;WebQuest&#8220;.<\/td><td><a href=\"http:\/\/de.wikipedia.org\/wiki\/Webquests\" target=\"_blank\" rel=\"noopener noreferrer\">Definition des Begriffs bei Wikipedia<\/a><\/td><\/tr><tr><td><strong>Definition zum PrimarWebQuest<br><\/strong>Die Seite und der Artikel bei &#8222;lehrer-online&#8220; beschreiben die PrimarWebQuest-Methode.<\/td><td><a href=\"http:\/\/www.lehrer-online.de\/primar-webquest.php\" target=\"_blank\" rel=\"noopener noreferrer\">PrimarWebQuest-Methode auf &#8222;lehrer-online&#8220;<\/a><br><a href=\"http:\/\/de.wikipedia.org\/wiki\/PrimarWebQuests\" target=\"_blank\" rel=\"noopener noreferrer\">Definition des Begriffs bei Wikipedia<\/a><\/td><\/tr><tr><td><strong>Die Erfinder des WebQuests<br><\/strong>Die Seiten der beiden Erfinder geben Informationen zu WebQuests.<\/td><td><a href=\"http:\/\/tommarch.com\/strategies\/webquests\/\" target=\"_blank\" rel=\"noopener noreferrer\">Bernie Dodges und &lt;!&#8211;<a href=\"http:\/\/ozline.com\/entry\/strategies\/webquests\/\" target=\"_blank\" rel=\"noopener noreferrer\">&#8211;&gt;Tom March<\/a><\/td><\/tr><tr><td><strong>Seiten f\u00fcr den Einstieg\/ \u00dcberblick und den Aufbau eines WebQuests<br><\/strong>Diese Seiten geben einen kurzen Einstieg in die Methode, schildern den Aufbau und die Struktur eines WebQuests.<\/td><td><a href=\"http:\/\/www.mathe-webquests.de\/%20\" target=\"_blank\" rel=\"noopener noreferrer\">Mathe &#8211; WebQuests<br><\/a><a href=\"http:\/\/www.webquests.de\/eilige.html\" target=\"_blank\" rel=\"noopener noreferrer\">\u00dcberblick f\u00fcr Eilige<br><\/a><\/td><\/tr><tr><td><strong>Generatoren f\u00fcr PrimarWebQuest<br><\/strong>Einen Generator f\u00fcr PrimarWebQuest gibt es bei der Zentrale f\u00fcr Unterrichtsmedien: ZUM. Einen Generator f\u00fcr PrimarWebQuest gibt es f\u00fcr die Seiten von &#8222;Mauswiesel&#8220;<\/td><td><a href=\"http:\/\/www.zum.de\/GrundschulWebQuest\/index.php?module=teacher\" target=\"_blank\" rel=\"noopener noreferrer\">Generator von ZUM<br><\/a><a href=\"http:\/\/mauswiesel.bildung.hessen.de\/index.html\" target=\"_blank\" rel=\"noopener noreferrer\">Generator von &#8222;Mauswiesel&#8220;<\/a><\/td><\/tr><tr><td><strong>Artikel zu PrimarWebQuests bei &#8222;lehrer-online&#8220;<br><\/strong>Bei &#8222;lehrer-online&#8220; gibt es verschiedene Artikel, die PrimarWebQuests und deren Einsatz beschreiben.<\/td><td><a href=\"http:\/\/www.lehrer-online.de\/primar-webquest-englisch-mathe.php\" target=\"_blank\" rel=\"noopener noreferrer\">Einsatz englischsprachiger PrimarWebQuests<\/a><br><a href=\"http:\/\/www.lehrer-online.de\/webquest-geschichte-mathe.php\" target=\"_blank\" rel=\"noopener noreferrer\">Geschichte der Mathematik mit PrimarWebQuests<\/a><\/td><\/tr><tr><td><strong>Weitere Seiten zur WebQuest-Methode<br><\/strong>Diese Seiten stellen die Methode WebQuest ausf\u00fchrlich vor, bieten unter anderem Hilfe zur Erstellung eines WebQuests und im WebQuest &#8211; Forum Platz zur Diskussion.Unter WebQuest &#8211; Materialien lassen sich neben verschiedensten WebQuests auch Vorlagen f\u00fcr WebQuests finden<\/td><td><a rel=\"noopener noreferrer\" href=\"http:\/\/www.web-quests.de\/index.php\" target=\"_blank\">WebQuest-Startseite<br><\/a><a rel=\"noopener noreferrer\" href=\"http:\/\/www.webquests.de\/\" target=\"_blank\">WebQuests.de<br><\/a><a rel=\"noopener noreferrer\" href=\"http:\/\/webquests.de\/materialien\/beispiel.html\" target=\"_blank\">WebQuest-Materialien<\/a><br><\/td><\/tr><\/tbody><\/table><\/figure>\n\n\n\n<p><\/p>\n","protected":false},"excerpt":{"rendered":"<p>Definition zum WebQuest\u00b4Die Seite gibt eine kurze Definition des Begriffs &#8222;WebQuest&#8220;. Definition des Begriffs bei Wikipedia Definition zum PrimarWebQuestDie Seite und der Artikel bei &#8222;lehrer-online&#8220; beschreiben die PrimarWebQuest-Methode. PrimarWebQuest-Methode auf &#8222;lehrer-online&#8220;Definition des Begriffs bei Wikipedia Die Erfinder des WebQuestsDie Seiten der beiden Erfinder geben Informationen zu WebQuests. Bernie Dodges und &lt;!&#8211;&#8211;&gt;Tom March Seiten f\u00fcr den [&hellip;]<\/p>\n","protected":false},"author":1,"featured_media":0,"parent":0,"menu_order":0,"comment_status":"closed","ping_status":"closed","template":"","meta":{"footnotes":""},"class_list":["post-23","page","type-page","status-publish","hentry"],"_links":{"self":[{"href":"https:\/\/podcast.math.uni-giessen.de\/primarwebquest\/wp-json\/wp\/v2\/pages\/23","targetHints":{"allow":["GET"]}}],"collection":[{"href":"https:\/\/podcast.math.uni-giessen.de\/primarwebquest\/wp-json\/wp\/v2\/pages"}],"about":[{"href":"https:\/\/podcast.math.uni-giessen.de\/primarwebquest\/wp-json\/wp\/v2\/types\/page"}],"author":[{"embeddable":true,"href":"https:\/\/podcast.math.uni-giessen.de\/primarwebquest\/wp-json\/wp\/v2\/users\/1"}],"replies":[{"embeddable":true,"href":"https:\/\/podcast.math.uni-giessen.de\/primarwebquest\/wp-json\/wp\/v2\/comments?post=23"}],"version-history":[{"count":0,"href":"https:\/\/podcast.math.uni-giessen.de\/primarwebquest\/wp-json\/wp\/v2\/pages\/23\/revisions"}],"wp:attachment":[{"href":"https:\/\/podcast.math.uni-giessen.de\/primarwebquest\/wp-json\/wp\/v2\/media?parent=23"}],"curies":[{"name":"wp","href":"https:\/\/api.w.org\/{rel}","templated":true}]}}