{"id":148,"date":"2014-09-15T15:44:06","date_gmt":"2014-09-15T13:44:06","guid":{"rendered":"https:\/\/www.inst.uni-giessen.de\/idm\/primarwebquest\/?page_id=5"},"modified":"2014-09-15T15:44:06","modified_gmt":"2014-09-15T13:44:06","slug":"die-primarwebquest-methode","status":"publish","type":"page","link":"https:\/\/podcast.math.uni-giessen.de\/primarwebquest\/die-primarwebquest-methode\/","title":{"rendered":"Die PrimarWebQuest-Methode"},"content":{"rendered":"<p style=\"text-align: justify\">Die PrimarWebQuest-Methode wurde im Rahmen des Projektes \u201cLehr@mt\u201d am Institut f\u00fcr Didaktik der Mathematik der Universit\u00e4t Frankfurt aus der WebQuest- Methode durch Anpassung an die Grundschule entwickelt. Grunds\u00e4tzlich ist unter einem WebQuest eine netzbasierte und projektorientierte Unterrichtseinheit, die die Verbindung Neuer und \u201eherk\u00f6mmlicher\u201c Medien vorsieht. W\u00e4hrend der Erarbeitungsphase schl\u00fcpfen die Grundsch\u00fclerinnen und -sch\u00fcler in die Rolle von Forschern, entdecken so ihr Thema und stellen es der Klasse vor.<\/p>\n<h3 style=\"text-align: justify\"><\/h3>\n<h3 style=\"text-align: justify\"><strong>Einleitung<\/strong><\/h3>\n<p style=\"text-align: justify\"><a href=\"https:\/\/podcast.math.uni-giessen.de\/primarwebquest\/wp-content\/uploads\/sites\/4\/2014\/09\/1.jpg\"><img loading=\"lazy\" decoding=\"async\" class=\" wp-image-74 alignleft\" src=\"https:\/\/www.inst.uni-giessen.de\/idm\/primarwebquest\/wp-content\/uploads\/2014\/09\/1-300x195.jpg\" alt=\"\" width=\"200\" height=\"130\" srcset=\"https:\/\/podcast.math.uni-giessen.de\/primarwebquest\/wp-content\/uploads\/sites\/4\/2014\/09\/1-300x195.jpg 300w, https:\/\/podcast.math.uni-giessen.de\/primarwebquest\/wp-content\/uploads\/sites\/4\/2014\/09\/1-1024x666.jpg 1024w, https:\/\/podcast.math.uni-giessen.de\/primarwebquest\/wp-content\/uploads\/sites\/4\/2014\/09\/1-768x499.jpg 768w, https:\/\/podcast.math.uni-giessen.de\/primarwebquest\/wp-content\/uploads\/sites\/4\/2014\/09\/1-720x468.jpg 720w, https:\/\/podcast.math.uni-giessen.de\/primarwebquest\/wp-content\/uploads\/sites\/4\/2014\/09\/1.jpg 1310w\" sizes=\"auto, (max-width: 200px) 100vw, 200px\" \/><\/a>Die Einleitung des WebQuest dient dazu die Sch\u00fclerinnen und Sch\u00fcler auf das Thema einzustimmen. Ihr Interesse soll geweckt und Bez\u00fcge zur Lebenswelt hergestellt werden.<br \/>\nKurz zum Aufbau: Die f\u00fcnf Seiten sind durch eine Linkleiste miteinander verkn\u00fcpft, sodass man problemlos zwischen den einzelnen Seiten wechseln kann. Im linken Bereich jeder Seite befindet sich ein Link zur Lehrerseite.<\/p>\n<h3 style=\"text-align: justify\"><strong>Projekt<\/strong><\/h3>\n<p style=\"text-align: justify\"><a href=\"https:\/\/podcast.math.uni-giessen.de\/primarwebquest\/wp-content\/uploads\/sites\/4\/2014\/09\/2.jpg\"><img loading=\"lazy\" decoding=\"async\" class=\"alignleft wp-image-75\" src=\"https:\/\/www.inst.uni-giessen.de\/idm\/primarwebquest\/wp-content\/uploads\/2014\/09\/2-300x195.jpg\" alt=\"\" width=\"200\" height=\"130\" srcset=\"https:\/\/podcast.math.uni-giessen.de\/primarwebquest\/wp-content\/uploads\/sites\/4\/2014\/09\/2-300x195.jpg 300w, https:\/\/podcast.math.uni-giessen.de\/primarwebquest\/wp-content\/uploads\/sites\/4\/2014\/09\/2-1024x666.jpg 1024w, https:\/\/podcast.math.uni-giessen.de\/primarwebquest\/wp-content\/uploads\/sites\/4\/2014\/09\/2-768x499.jpg 768w, https:\/\/podcast.math.uni-giessen.de\/primarwebquest\/wp-content\/uploads\/sites\/4\/2014\/09\/2-720x468.jpg 720w, https:\/\/podcast.math.uni-giessen.de\/primarwebquest\/wp-content\/uploads\/sites\/4\/2014\/09\/2.jpg 1310w\" sizes=\"auto, (max-width: 200px) 100vw, 200px\" \/><\/a>Unter &#8222;Projekt&#8220; kommt nun die Projektbeschreibung. Diese vereint die Aufgabe und das Vorgehen miteinander. Ein kurzer Text umrei\u00dft die Aufgabe. Das Vorgehen wird mit den notwendigen Arbeitsschritten verdeutlicht, dabei werden der Umgang mit Material und Quellen, Finden und Bearbeiten von Informationen, konkrete Fragen und Anweisungen, Art der Zusammenarbeit sowie die Art der Pr\u00e4sentation beschrieben.<\/p>\n<h3 style=\"text-align: justify\"><\/h3>\n<h3 style=\"text-align: justify\"><\/h3>\n<h3 style=\"text-align: justify\"><strong>Quellen<\/strong><\/h3>\n<p style=\"text-align: justify\"><a href=\"https:\/\/podcast.math.uni-giessen.de\/primarwebquest\/wp-content\/uploads\/sites\/4\/2014\/09\/3.jpg\"><img loading=\"lazy\" decoding=\"async\" class=\"alignleft wp-image-76\" src=\"https:\/\/www.inst.uni-giessen.de\/idm\/primarwebquest\/wp-content\/uploads\/2014\/09\/3-300x195.jpg\" alt=\"\" width=\"200\" height=\"130\" srcset=\"https:\/\/podcast.math.uni-giessen.de\/primarwebquest\/wp-content\/uploads\/sites\/4\/2014\/09\/3-300x195.jpg 300w, https:\/\/podcast.math.uni-giessen.de\/primarwebquest\/wp-content\/uploads\/sites\/4\/2014\/09\/3-1024x666.jpg 1024w, https:\/\/podcast.math.uni-giessen.de\/primarwebquest\/wp-content\/uploads\/sites\/4\/2014\/09\/3-768x499.jpg 768w, https:\/\/podcast.math.uni-giessen.de\/primarwebquest\/wp-content\/uploads\/sites\/4\/2014\/09\/3-720x468.jpg 720w, https:\/\/podcast.math.uni-giessen.de\/primarwebquest\/wp-content\/uploads\/sites\/4\/2014\/09\/3.jpg 1310w\" sizes=\"auto, (max-width: 200px) 100vw, 200px\" \/><\/a>Hier verbirgt sich das Arbeitsmaterial in Form von verlinkten Internetseiten und Angaben von offline Quellen. Dabei ist zu beachten, dass eine geringe Anzahl sorgf\u00e4ltig ausgew\u00e4hlter und f\u00fcr den Primarbereich geeigeneter Quellen zur Verf\u00fcgung steht.<\/p>\n<h3 style=\"text-align: justify\"><\/h3>\n<h3 style=\"text-align: justify\"><\/h3>\n<h3 style=\"text-align: justify\"><strong>Anforderung<\/strong><\/h3>\n<p style=\"text-align: justify\"><a href=\"https:\/\/podcast.math.uni-giessen.de\/primarwebquest\/wp-content\/uploads\/sites\/4\/2014\/09\/4.jpg\"><img loading=\"lazy\" decoding=\"async\" class=\"alignleft wp-image-77\" src=\"https:\/\/www.inst.uni-giessen.de\/idm\/primarwebquest\/wp-content\/uploads\/2014\/09\/4-300x195.jpg\" alt=\"\" width=\"200\" height=\"130\" srcset=\"https:\/\/podcast.math.uni-giessen.de\/primarwebquest\/wp-content\/uploads\/sites\/4\/2014\/09\/4-300x195.jpg 300w, https:\/\/podcast.math.uni-giessen.de\/primarwebquest\/wp-content\/uploads\/sites\/4\/2014\/09\/4-1024x666.jpg 1024w, https:\/\/podcast.math.uni-giessen.de\/primarwebquest\/wp-content\/uploads\/sites\/4\/2014\/09\/4-768x499.jpg 768w, https:\/\/podcast.math.uni-giessen.de\/primarwebquest\/wp-content\/uploads\/sites\/4\/2014\/09\/4-720x468.jpg 720w, https:\/\/podcast.math.uni-giessen.de\/primarwebquest\/wp-content\/uploads\/sites\/4\/2014\/09\/4.jpg 1310w\" sizes=\"auto, (max-width: 200px) 100vw, 200px\" \/><\/a>In diesem Bereich werden die Anforderungen an die Lernenden f\u00fcr eine sehr gute Leistung transparent gemacht. Es wird ausdr\u00fccklich darauf verzichtet, verschiedene Leistungsniveaus aufzuz\u00e4hlen um die Grundsch\u00fcler nicht zu \u00fcberfordern. Die Sch\u00fclerinnen und Sch\u00fcler sollen dann auf einen verlinkten Bewertungsbogen ihre Leistung selbst einsch\u00e4tzen.<\/p>\n<h3 style=\"text-align: justify\"><\/h3>\n<h3 style=\"text-align: justify\"><\/h3>\n<h3 style=\"text-align: justify\"><strong>Ausblick<\/strong><\/h3>\n<p style=\"text-align: justify\"><a href=\"https:\/\/podcast.math.uni-giessen.de\/primarwebquest\/wp-content\/uploads\/sites\/4\/2014\/09\/5.jpg\"><img loading=\"lazy\" decoding=\"async\" class=\"alignleft wp-image-78\" src=\"https:\/\/www.inst.uni-giessen.de\/idm\/primarwebquest\/wp-content\/uploads\/2014\/09\/5-300x195.jpg\" alt=\"\" width=\"200\" height=\"130\" srcset=\"https:\/\/podcast.math.uni-giessen.de\/primarwebquest\/wp-content\/uploads\/sites\/4\/2014\/09\/5-300x195.jpg 300w, https:\/\/podcast.math.uni-giessen.de\/primarwebquest\/wp-content\/uploads\/sites\/4\/2014\/09\/5-1024x666.jpg 1024w, https:\/\/podcast.math.uni-giessen.de\/primarwebquest\/wp-content\/uploads\/sites\/4\/2014\/09\/5-768x499.jpg 768w, https:\/\/podcast.math.uni-giessen.de\/primarwebquest\/wp-content\/uploads\/sites\/4\/2014\/09\/5-720x468.jpg 720w, https:\/\/podcast.math.uni-giessen.de\/primarwebquest\/wp-content\/uploads\/sites\/4\/2014\/09\/5.jpg 1310w\" sizes=\"auto, (max-width: 200px) 100vw, 200px\" \/><\/a><\/p>\n<p style=\"text-align: justify\">Der Ausblick sollte wieder an die Lebenswelt und den Alltag der Sch\u00fclerinnen und Sch\u00fcler ankn\u00fcpfen. Dort befinden sich auch neue interessante Fragen, sowie weiterf\u00fchrende Links (weitere Informationen, ein Quiz etc.) f\u00fcr schneller Arbeitende.<\/p>\n<h3 style=\"text-align: justify\"><\/h3>\n<hr \/>\n<h3 style=\"text-align: justify\"><\/h3>\n<p style=\"text-align: justify\"><a href=\"https:\/\/fb07dida.uni-giessen.de\/primarwebquest\/wq\/pr_wq_roemer\/einleitung.htm\" target=\"_blank\" rel=\"noopener noreferrer\">Hier<\/a> wird das als Beispiel verwendete PrimarWebQuest\u00a0vorgestellt.<\/p>\n<p style=\"text-align: justify\">Einen PrimarWebQuest Generator zum Erstellen von PrimarWebQuests ohne html-Kenntnisse findet sich unter\u00a0<a href=\"http:\/\/www.grundschulwebquest.de\" target=\"_blank\" rel=\"noopener noreferrer\">www.grundschulwebquest.de<\/a>.<\/p>\n<p style=\"text-align: justify\">Zum Artikel \u00fcber die f\u00fcr die Primarstufe angepasste Methode bei &#8222;lehrer-online&#8220;:<br \/>\n<a href=\"http:\/\/www.lehrer-online.de\/primar-webquest.php\" target=\"_blank\" rel=\"noopener noreferrer\">http:\/\/www.lehrer-online.de\/primar-webquest.php<\/a><\/p>\n<p style=\"text-align: justify\">Artikel \u00fcber den Einsatz der PrimarWebQuests bei &#8222;lehrer-online&#8220;:<br \/>\n<a href=\"http:\/\/www.lehrer-online.de\/zahlensysteme-hochkulturen.php\" target=\"_blank\" rel=\"noopener noreferrer\">http:\/\/www.lehrer-online.de\/zahlensysteme-hochkulturen.php<\/a><\/p>\n<p style=\"text-align: justify\">Definition PrimarWebQuest bei Wikipedia:<br \/>\n<a href=\"https:\/\/de.wikipedia.org\/wiki\/PrimarWebQuests\" target=\"_blank\" rel=\"noopener noreferrer\">https:\/\/de.wikipedia.org\/wiki\/PrimarWebQuests<\/a><\/p>\n","protected":false},"excerpt":{"rendered":"<p>Die PrimarWebQuest-Methode wurde im Rahmen des Projektes \u201cLehr@mt\u201d am Institut f\u00fcr Didaktik der Mathematik der Universit\u00e4t Frankfurt aus der WebQuest- Methode durch Anpassung an die Grundschule entwickelt. Grunds\u00e4tzlich ist unter einem WebQuest eine netzbasierte und projektorientierte Unterrichtseinheit, die die Verbindung Neuer und \u201eherk\u00f6mmlicher\u201c Medien vorsieht. W\u00e4hrend der Erarbeitungsphase schl\u00fcpfen die Grundsch\u00fclerinnen und -sch\u00fcler in die [&hellip;]<\/p>\n","protected":false},"author":1,"featured_media":12,"parent":0,"menu_order":0,"comment_status":"closed","ping_status":"closed","template":"","meta":{"footnotes":""},"class_list":["post-148","page","type-page","status-publish","has-post-thumbnail","hentry"],"_links":{"self":[{"href":"https:\/\/podcast.math.uni-giessen.de\/primarwebquest\/wp-json\/wp\/v2\/pages\/148","targetHints":{"allow":["GET"]}}],"collection":[{"href":"https:\/\/podcast.math.uni-giessen.de\/primarwebquest\/wp-json\/wp\/v2\/pages"}],"about":[{"href":"https:\/\/podcast.math.uni-giessen.de\/primarwebquest\/wp-json\/wp\/v2\/types\/page"}],"author":[{"embeddable":true,"href":"https:\/\/podcast.math.uni-giessen.de\/primarwebquest\/wp-json\/wp\/v2\/users\/1"}],"replies":[{"embeddable":true,"href":"https:\/\/podcast.math.uni-giessen.de\/primarwebquest\/wp-json\/wp\/v2\/comments?post=148"}],"version-history":[{"count":0,"href":"https:\/\/podcast.math.uni-giessen.de\/primarwebquest\/wp-json\/wp\/v2\/pages\/148\/revisions"}],"wp:featuredmedia":[{"embeddable":true,"href":"https:\/\/podcast.math.uni-giessen.de\/primarwebquest\/wp-json\/wp\/v2\/media\/12"}],"wp:attachment":[{"href":"https:\/\/podcast.math.uni-giessen.de\/primarwebquest\/wp-json\/wp\/v2\/media?parent=148"}],"curies":[{"name":"wp","href":"https:\/\/api.w.org\/{rel}","templated":true}]}}