{"id":11,"date":"2014-09-07T21:50:35","date_gmt":"2014-09-07T19:50:35","guid":{"rendered":"https:\/\/fb07dida.uni-giessen.de\/primapodcast\/?page_id=11"},"modified":"2014-09-07T21:50:35","modified_gmt":"2014-09-07T19:50:35","slug":"erstellungsprozess","status":"publish","type":"page","link":"https:\/\/podcast.math.uni-giessen.de\/primapodcast\/erstellungsprozess\/","title":{"rendered":"Erstellungsprozess"},"content":{"rendered":"<p><a href=\"https:\/\/podcast.math.uni-giessen.de\/primapodcast\/wp-content\/uploads\/sites\/3\/2015\/05\/ablauf-deutsch.png\"><img loading=\"lazy\" decoding=\"async\" class=\" size-medium wp-image-31 alignleft\" src=\"https:\/\/podcast.math.uni-giessen.de\/primapodcast\/wp-content\/uploads\/sites\/3\/2015\/05\/ablauf-deutsch-242x300.png\" alt=\"ablauf deutsch\" width=\"242\" height=\"300\" srcset=\"https:\/\/podcast.math.uni-giessen.de\/primapodcast\/wp-content\/uploads\/sites\/3\/2015\/05\/ablauf-deutsch-242x300.png 242w, https:\/\/podcast.math.uni-giessen.de\/primapodcast\/wp-content\/uploads\/sites\/3\/2015\/05\/ablauf-deutsch.png 320w\" sizes=\"auto, (max-width: 242px) 100vw, 242px\" \/><\/a>Zur Erstellung der PriMaPodcasts werden sechs Schritte durchlaufen:<\/p>\n<p>Zun\u00e4chst beantworten die Sch\u00fclerinnen und Sch\u00fcler in Kleingruppen spontan eine Frage. Dabei wird ihr Vorwissen aktiviert. Daraufhin k\u00f6nnen die Lernenden weitere Informationen einholen. W\u00e4hrend ihrer Recherche besch\u00e4ftigen sie sich intensiv mit dem Thema und erstellen dazu ein Drehbuch. Darauf basierend nehmen sie in einem dritten Schritt eine Rohfassung auf. Bis dahin arbeiten die Kinder eigenst\u00e4ndig. W\u00e4hrend der darauf folgenden Redaktionssitzung bekommen die Lernenden Hinweise von ihren Mitsch\u00fclern und der Lehrperson. Im weiteren Verlauf wird das Drehbuch \u00fcberarbeitet und die Endaufnahme (das PriMaPodcast) aufgenommen.<\/p>\n<p>&nbsp;<\/p>\n<p>In diesem Blog werden nur die fertigen PriMaPodcasts und die Drehb\u00fccher verlinkt. Falls Interesse an den Zwischenprodukten besteht, k\u00f6nnen diese unter Hinweis auf das besondere Interesse angefragt werden.<\/p>\n","protected":false},"excerpt":{"rendered":"<p>Zur Erstellung der PriMaPodcasts werden sechs Schritte durchlaufen: Zun\u00e4chst beantworten die Sch\u00fclerinnen und Sch\u00fcler in Kleingruppen spontan eine Frage. Dabei wird ihr Vorwissen aktiviert. Daraufhin k\u00f6nnen die Lernenden weitere Informationen einholen. W\u00e4hrend ihrer Recherche besch\u00e4ftigen sie sich intensiv mit dem Thema und erstellen dazu ein Drehbuch. Darauf basierend nehmen sie in einem dritten Schritt eine [&hellip;]<\/p>\n","protected":false},"author":2,"featured_media":31,"parent":0,"menu_order":0,"comment_status":"closed","ping_status":"closed","template":"","meta":{"footnotes":""},"class_list":["post-11","page","type-page","status-publish","has-post-thumbnail","hentry"],"_links":{"self":[{"href":"https:\/\/podcast.math.uni-giessen.de\/primapodcast\/wp-json\/wp\/v2\/pages\/11","targetHints":{"allow":["GET"]}}],"collection":[{"href":"https:\/\/podcast.math.uni-giessen.de\/primapodcast\/wp-json\/wp\/v2\/pages"}],"about":[{"href":"https:\/\/podcast.math.uni-giessen.de\/primapodcast\/wp-json\/wp\/v2\/types\/page"}],"author":[{"embeddable":true,"href":"https:\/\/podcast.math.uni-giessen.de\/primapodcast\/wp-json\/wp\/v2\/users\/2"}],"replies":[{"embeddable":true,"href":"https:\/\/podcast.math.uni-giessen.de\/primapodcast\/wp-json\/wp\/v2\/comments?post=11"}],"version-history":[{"count":0,"href":"https:\/\/podcast.math.uni-giessen.de\/primapodcast\/wp-json\/wp\/v2\/pages\/11\/revisions"}],"wp:featuredmedia":[{"embeddable":true,"href":"https:\/\/podcast.math.uni-giessen.de\/primapodcast\/wp-json\/wp\/v2\/media\/31"}],"wp:attachment":[{"href":"https:\/\/podcast.math.uni-giessen.de\/primapodcast\/wp-json\/wp\/v2\/media?parent=11"}],"curies":[{"name":"wp","href":"https:\/\/api.w.org\/{rel}","templated":true}]}}