{"id":26,"date":"2013-09-28T18:06:01","date_gmt":"2013-09-28T16:06:01","guid":{"rendered":"http:\/\/www2.uni-giessen.de\/mathepodcast\/?page_id=26"},"modified":"2013-09-28T18:06:01","modified_gmt":"2013-09-28T16:06:01","slug":"impressum","status":"publish","type":"page","link":"https:\/\/podcast.math.uni-giessen.de\/mathepodcast\/impressum\/","title":{"rendered":"Impressum"},"content":{"rendered":"<p><strong>Verantwortlich f\u00fcr die hier gestalteten Seiten sind:<\/strong><\/p>\n<p><img loading=\"lazy\" decoding=\"async\" class=\"alignleft\" src=\"https:\/\/podcast.math.uni-giessen.de\/mathepodcast\/wp-content\/uploads\/sites\/2\/2013\/10\/jlu-logo.png\" width=\"188\" height=\"96\" \/>Prof. Dr. Katja Lengnink und Prof. Dr. Christof Schreiber<br \/>\nJustus-Liebig-Universit\u00e4t Gie\u00dfen<br \/>\nInstitut f\u00fcr Didaktik der Mathematik<br \/>\nKarl-Gl\u00f6ckner-Str. 21c<br \/>\n35394 Gie\u00dfen<\/p>\n<p>Beitr\u00e4ge werden erstellt unter Leitung von<br \/>\nRebecca Klose, Petra Tebaartz und Kristina Schulz.<\/p>\n<p>An der Pflege des Blogs wirkt mit:<br \/>\nRosa-Lena Allendorf und Anna Rabea Seifert (Studentische Mitarbeit)<\/p>\n<p>Das Projekt wird gef\u00f6rdert im Rahmen von &#8222;<a href=\"http:\/\/www.uni-giessen.de\/cms\/studium\/einstieg-mit-erfolg\" target=\"_blank\" rel=\"noopener noreferrer\">Einstieg mit Erfolg<\/a>&#8220;<br \/>\n<a href=\"https:\/\/podcast.math.uni-giessen.de\/mathepodcast\/wp-content\/uploads\/sites\/2\/2013\/10\/eme-logo-900.png\"><img loading=\"lazy\" decoding=\"async\" class=\"alignnone wp-image-55\" style=\"border: 0px\" src=\"http:\/\/www2.uni-giessen.de\/mathepodcast\/wp-content\/uploads\/eme-logo-900-300x108.png\" alt=\"eme-logo-900\" width=\"162\" height=\"59\" \/><\/a><a href=\"https:\/\/podcast.math.uni-giessen.de\/mathepodcast\/wp-content\/uploads\/sites\/2\/2014\/01\/BMBF_RGB_Gef_M.jpg\"><img loading=\"lazy\" decoding=\"async\" class=\"alignnone wp-image-73\" src=\"https:\/\/podcast.math.uni-giessen.de\/mathepodcast\/wp-content\/uploads\/sites\/2\/2014\/01\/BMBF_RGB_Gef_M.jpg\" alt=\"BMBF_RGB_Gef_M\" width=\"124\" height=\"88\" \/><\/a><\/p>\n<p><span style=\"line-height: 1.6;font-size: 1.3rem\">Danke an das Team vom <b>HRZ<\/b><\/span><span style=\"line-height: 1.6;font-size: 1.3rem\">, besonders an Frank Waldschmidt-Dietz und J\u00fcrgen Obermann.<\/span><\/p>\n<p>F\u00fcr den Inhalt verantwortlich\u00a0gem\u00e4\u00df \u00a7 55\u00a0<span class=\"link-external\"><a class=\"external-link\" title=\"\" href=\"http:\/\/revosax.sachsen.de\/Details.do?sid=3543414875512&amp;jlink=p55&amp;jabs=106\" target=\"_blank\" rel=\"noopener noreferrer\"><span style=\"color: #0066cc\">MDStV<\/span><\/a><\/span>: <a href=\"http:\/\/www.uni-giessen.de\/cms\/impressum\" target=\"_blank\" rel=\"noopener noreferrer\"><span style=\"color: #0066cc\">Der Pr\u00e4sident der JLU Gie\u00dfen<\/span><\/a><\/p>\n","protected":false},"excerpt":{"rendered":"<p>Verantwortlich f\u00fcr die hier gestalteten Seiten sind: Prof. Dr. Katja Lengnink und Prof. Dr. Christof Schreiber Justus-Liebig-Universit\u00e4t Gie\u00dfen Institut f\u00fcr Didaktik der Mathematik Karl-Gl\u00f6ckner-Str. 21c 35394 Gie\u00dfen Beitr\u00e4ge werden erstellt unter Leitung von Rebecca Klose, Petra Tebaartz und Kristina Schulz. An der Pflege des Blogs wirkt mit: Rosa-Lena Allendorf und Anna Rabea Seifert (Studentische Mitarbeit) [&hellip;]<\/p>\n","protected":false},"author":3,"featured_media":55,"parent":0,"menu_order":0,"comment_status":"closed","ping_status":"closed","template":"","meta":{"footnotes":""},"class_list":["post-26","page","type-page","status-publish","has-post-thumbnail","hentry"],"_links":{"self":[{"href":"https:\/\/podcast.math.uni-giessen.de\/mathepodcast\/wp-json\/wp\/v2\/pages\/26","targetHints":{"allow":["GET"]}}],"collection":[{"href":"https:\/\/podcast.math.uni-giessen.de\/mathepodcast\/wp-json\/wp\/v2\/pages"}],"about":[{"href":"https:\/\/podcast.math.uni-giessen.de\/mathepodcast\/wp-json\/wp\/v2\/types\/page"}],"author":[{"embeddable":true,"href":"https:\/\/podcast.math.uni-giessen.de\/mathepodcast\/wp-json\/wp\/v2\/users\/3"}],"replies":[{"embeddable":true,"href":"https:\/\/podcast.math.uni-giessen.de\/mathepodcast\/wp-json\/wp\/v2\/comments?post=26"}],"version-history":[{"count":0,"href":"https:\/\/podcast.math.uni-giessen.de\/mathepodcast\/wp-json\/wp\/v2\/pages\/26\/revisions"}],"wp:featuredmedia":[{"embeddable":true,"href":"https:\/\/podcast.math.uni-giessen.de\/mathepodcast\/wp-json\/wp\/v2\/media\/55"}],"wp:attachment":[{"href":"https:\/\/podcast.math.uni-giessen.de\/mathepodcast\/wp-json\/wp\/v2\/media?parent=26"}],"curies":[{"name":"wp","href":"https:\/\/api.w.org\/{rel}","templated":true}]}}