{"id":1266,"date":"2013-09-13T13:37:14","date_gmt":"2013-09-13T13:37:14","guid":{"rendered":"http:\/\/www2.uni-giessen.de\/mathepodcast\/?page_id=2"},"modified":"2013-09-13T13:37:14","modified_gmt":"2013-09-13T13:37:14","slug":"beispiel-seite-2","status":"publish","type":"page","link":"https:\/\/podcast.math.uni-giessen.de\/mathepodcast\/beispiel-seite-2\/","title":{"rendered":"Podcasts zur Mathematik in der Lehrerbildung"},"content":{"rendered":"<p style=\"text-align: justify\">In diesem Blog werden Audio-Podcasts zur Verf\u00fcgung gestellt, die im Rahmen der Ausbildung von Lehrkr\u00e4ften verschiedener Lehr\u00e4mter mit dem Fach Mathematik erstellt wurden. Die Aufnahmen sind von Studierenden aus den Lehrveranstaltungen in den ersten Semestern.<\/p>\n<p style=\"text-align: justify\">Zielsetzung:<br \/>\nDurch die Erstellung von Podcasts zu mathematischen Themenbereichen erhalten Lehramtsstudierende die Gelegenheit mathematische Sachverhalte adressatenorientiert und pr\u00e4gnant darzustellen und zu gestalten.<br \/>\nDurch die mediale Fokussierung auf die phonische Ebene werden m\u00fcndliche Darstellungsformate in besonderer Weise betont und andere ausgeschlossen. So kann der Frage nachgegangen werden, wie m\u00fcndlich mit digitalen Medien Mathematik dargestellt werden kann.<br \/>\nGleichzeitig bietet die Erstellung von mathematischen Podcasts den Studierenden Lernsituationen, in denen reflexives und forschendes Lernen m\u00f6glich wird, indem z.B. entstandene Podcasts gemeinsam analysiert und reflektiert werden.<\/p>\n<p style=\"text-align: justify\">Die Podcast werden wie folgt hergestellt:<\/p>\n<ul style=\"text-align: justify\">\n<li>Die Studierenden arbeiten in Tandems oder zu dritt.<\/li>\n<li>In einem ersten Schritt wird eine Spontanaufnahme (diese gleicht einem digitalen Brainstorming) erstellt. Hier werden erste Ideen, Assoziationen und Vorwissen bzgl. des mathematischen Themas zusammengetragen.<\/li>\n<li>Diese Spontanaufnahme ist Ausgangspunkt f\u00fcr die Erstellung eines Drehbuchs. Dieses soll die verst\u00e4ndliche und pr\u00e4gnante Darstellung des fokussierten mathematischen Sachverhalts unterst\u00fctzen. Das Drehbuch hilft medial schriftlich die Aufnahme vorzubereiten und Ideen f\u00fcr das Podcast konzeptionell umzusetzen.<\/li>\n<li>Auf der Grundlage des Drehbuchs wird eine erste Version des mathematischen Podcasts erstellt.<\/li>\n<li>Die erste Version des mathematischen Podcasts wird mit anderen Studierenden zusammen in einer Redaktionssitzung reflektiert und diskutiert. Diese Besprechung gibt Hinweise f\u00fcr Verbesserungen und die Weiterentwicklung der ersten Version des Podcasts.<\/li>\n<li>Auf der Grundlage solcher Redaktionssitzungen k\u00f6nnen die Podcasts (auch mehrmals) \u00fcberarbeitet werden. Auf diese Weise wird eine Endfassung des Podcasts erzeugt.<\/li>\n<\/ul>\n","protected":false},"excerpt":{"rendered":"<p>In diesem Blog werden Audio-Podcasts zur Verf\u00fcgung gestellt, die im Rahmen der Ausbildung von Lehrkr\u00e4ften verschiedener Lehr\u00e4mter mit dem Fach Mathematik erstellt wurden. Die Aufnahmen sind von Studierenden aus den Lehrveranstaltungen in den ersten Semestern. Zielsetzung: Durch die Erstellung von Podcasts zu mathematischen Themenbereichen erhalten Lehramtsstudierende die Gelegenheit mathematische Sachverhalte adressatenorientiert und pr\u00e4gnant darzustellen und [&hellip;]<\/p>\n","protected":false},"author":3,"featured_media":0,"parent":0,"menu_order":0,"comment_status":"closed","ping_status":"open","template":"","meta":{"footnotes":""},"class_list":["post-1266","page","type-page","status-publish","hentry"],"_links":{"self":[{"href":"https:\/\/podcast.math.uni-giessen.de\/mathepodcast\/wp-json\/wp\/v2\/pages\/1266","targetHints":{"allow":["GET"]}}],"collection":[{"href":"https:\/\/podcast.math.uni-giessen.de\/mathepodcast\/wp-json\/wp\/v2\/pages"}],"about":[{"href":"https:\/\/podcast.math.uni-giessen.de\/mathepodcast\/wp-json\/wp\/v2\/types\/page"}],"author":[{"embeddable":true,"href":"https:\/\/podcast.math.uni-giessen.de\/mathepodcast\/wp-json\/wp\/v2\/users\/3"}],"replies":[{"embeddable":true,"href":"https:\/\/podcast.math.uni-giessen.de\/mathepodcast\/wp-json\/wp\/v2\/comments?post=1266"}],"version-history":[{"count":0,"href":"https:\/\/podcast.math.uni-giessen.de\/mathepodcast\/wp-json\/wp\/v2\/pages\/1266\/revisions"}],"wp:attachment":[{"href":"https:\/\/podcast.math.uni-giessen.de\/mathepodcast\/wp-json\/wp\/v2\/media?parent=1266"}],"curies":[{"name":"wp","href":"https:\/\/api.w.org\/{rel}","templated":true}]}}